{"id":597,"date":"2019-11-14T14:03:18","date_gmt":"2019-11-14T13:03:18","guid":{"rendered":"https:\/\/www.bioparc-zoo.fr\/?page_id=597"},"modified":"2026-02-09T14:30:51","modified_gmt":"2026-02-09T13:30:51","slug":"your-visit","status":"publish","type":"page","link":"https:\/\/www.bioparc-zoo.fr\/en\/your-visit\/","title":{"rendered":"Your visit"},"content":{"rendered":"\n<h2 class=\"wp-block-heading has-text-align-center\"><strong>Enjoy your visit in our zoo!<\/strong><\/h2>\n\n\n\n<p class=\"has-text-align-center\"><strong><mark style=\"background-color:rgba(0, 0, 0, 0)\" class=\"has-inline-color has-black-color\">Over 2000 animals live in an exceptional natural setting in the only troglodyte zoo in the world!<\/mark><\/strong><\/p>\n\n\n\n<p class=\"has-text-align-left\">In a true mineral and vegetal labyrinth, our tunnels dug into the rock will lead you from one environment to the next. The animals live here at their own pace in XXL spaces: take time to explore their territories, you will be rewarded. During our activities, admire their natural behavior: there is no training, long live the spectacle of nature!<\/p>\n\n\n\n<h3 class=\"wp-block-heading has-text-align-left\"><br><strong>Opening time<\/strong><\/h3>\n\n\n\n<p class=\"has-text-align-center\"><mark style=\"background-color:rgba(0, 0, 0, 0)\" class=\"has-inline-color has-luminous-vivid-orange-color\"><strong>In 2026, the Bioparc is open from February 7th to November 11th, <br>and during the Christmas holidays.<\/strong><\/mark><\/p>\n\n\n\n<figure class=\"wp-block-table is-style-stripes\"><table><tbody><tr><td class=\"has-text-align-center\" data-align=\"center\"> February &#8211; march<\/td><td class=\"has-text-align-center\" data-align=\"center\">  10 am to 6 pm<\/td><\/tr><tr><td class=\"has-text-align-center\" data-align=\"center\"> April &#8211; may &#8211; june  <\/td><td class=\"has-text-align-center\" data-align=\"center\">  9 am to 7 pm <\/td><\/tr><tr><td class=\"has-text-align-center\" data-align=\"center\"> Juily &#8211; agust <\/td><td class=\"has-text-align-center\" data-align=\"center\">  9 am to 7:30 pm  <\/td><\/tr><tr><td class=\"has-text-align-center\" data-align=\"center\">September<\/td><td class=\"has-text-align-center\" data-align=\"center\"> 9 am to 7 pm  <\/td><\/tr><tr><td class=\"has-text-align-center\" data-align=\"center\"> October &#8211; november <\/td><td class=\"has-text-align-center\" data-align=\"center\">  10 am to 6:30 pm (5:30 pm in winter time)<\/td><\/tr><tr><td class=\"has-text-align-center\" data-align=\"center\"> Christmas holidays <\/td><td class=\"has-text-align-center\" data-align=\"center\"> 10.30 am to 4.30 pm (closed 12\/25 ans 01\/01)<\/td><\/tr><\/tbody><\/table><\/figure>\n\n\n\n<p><strong>Duration of the visit:<\/strong> from 4 hours to a day.<br><strong>Last adviced access<\/strong> 2h before closure. <\/p>\n\n\n\n<h3 class=\"wp-block-heading has-text-align-left\"><br><strong>Access<\/strong><\/h3>\n\n\n\n<p>The Bioparc is located in Anjou, next to Angers and Saumur (France).<\/p>\n\n\n\n<iframe loading=\"lazy\" scrolling=\"no\" marginheight=\"0\" marginwidth=\"0\" src=\"https:\/\/maps.google.fr\/maps?f=q&amp;source=s_q&amp;hl=fr&amp;geocode=&amp;q=Bioparc+de+Dou%C3%A9+la+Fontaine+-+Rue+de+Cholet+-+49+700+Dou%C3%A9+la+Fontaine+&amp;sll=48.680793,2.502588&amp;sspn=2.459115,5.163574&amp;ie=UTF8&amp;hq=Bioparc+de+Dou%C3%A9+la+Fontaine+-+Rue+de+Cholet+-+49+700+Dou%C3%A9+la+Fontaine&amp;hnear=&amp;radius=15000&amp;t=m&amp;ll=47.326723,-0.631714&amp;spn=0.372336,1.303253&amp;z=10&amp;iwloc=A&amp;output=embed\" width=\"950\" height=\"400\" frameborder=\"0\"><\/iframe>\n\n\n\n<h3 class=\"wp-block-heading\"><strong><br>Zoo admission 202<\/strong>6<\/h3>\n\n\n\n<p><strong><mark style=\"background-color:rgba(0, 0, 0, 0)\" class=\"has-inline-color has-luminous-vivid-orange-color\">All-day entry ticket<\/mark><\/strong> (valid until 11\/11\/2026)<br>11+ years old: 29,50 \u20ac<br>3 to 10 years old: 23 \u20ac<br>Less than 3 years old: free<br><br><strong><mark style=\"background-color:rgba(0, 0, 0, 0)\" class=\"has-inline-color has-luminous-vivid-orange-color\">Zoo Pass<\/mark> <\/strong>(1 year, payed for itself from the 2nd visit)<br>11+ years old: 58 \u20ac<br>3 to 10 years old: 45 \u20ac<br>Less than 3 years old: free<\/p>\n\n\n\n<div class=\"wp-block-buttons is-layout-flex wp-block-buttons-is-layout-flex\">\n<div class=\"wp-block-button\"><a class=\"wp-block-button__link wp-element-button\" href=\"https:\/\/www.bioparc-zoo.fr\/informations-pratiques\/billetterie\/\">Book your tickets online (french)<\/a><\/div>\n<\/div>\n\n\n\n<h3 class=\"wp-block-heading has-text-align-left\"><strong><br>Contact<\/strong> <strong>us<\/strong><\/h3>\n\n\n\n<p>If you have a question about visiting the zoo, you can contact us by :<\/p>\n\n\n\n<ul class=\"wp-block-list\">\n<li>phone at (+33) 2 41 59 18 58<\/li>\n\n\n\n<li>e-mail at <a href=\"mailto:infos@bioparc-zoo.fr\">infos@bioparc-zoo.fr<\/a><\/li>\n<\/ul>\n\n\n\n<h3 class=\"wp-block-heading\"><br><strong>Zoo map<\/strong><br><\/h3>\n\n\n\n<div class=\"wp-block-button\"><a class=\"wp-block-button__link wp-element-button\" href=\"https:\/\/www.bioparc-zoo.fr\/wp-content\/uploads\/2024\/01\/BIOPARC_Plan-2024_EN.pdf\" target=\"_blank\" rel=\"noreferrer noopener\">Download the map in PDF<\/a><\/div>\n\n\n\n<h3 class=\"wp-block-heading\"><br><strong>Services<\/strong><\/h3>\n\n\n\n<p><strong><mark style=\"background-color:rgba(0, 0, 0, 0)\" class=\"has-inline-color has-luminous-vivid-orange-color\">Car park<\/mark><\/strong><br>A large and shady free car park with more than 500 spaces is available just opposite the park entrance. Bike rests are also located near the main entrance.<br><br><strong><mark style=\"background-color:rgba(0, 0, 0, 0)\" class=\"has-inline-color has-luminous-vivid-orange-color\">Welcoming our foreign visitors<\/mark><\/strong><br>As a foreign visitor you will be given a zoo map in English at our entrance desk. Most informative panels have been translated into English. <br><br><strong><mark style=\"background-color:rgba(0, 0, 0, 0)\" class=\"has-inline-color has-luminous-vivid-orange-color\">Pets<\/mark><\/strong><br>Pets are not permitted inside the park for health and safety reasons.<br><br><strong><mark style=\"background-color:rgba(0, 0, 0, 0)\" class=\"has-inline-color has-luminous-vivid-orange-color\">Guide or assistance dogs are most welcome to the Bioparc<\/mark><\/strong><br>During your visit, we will take care of your assistance dog at the admission desk. We can offer you a chaperone if you are by yourself (pre booking requested).<br><br><strong><mark style=\"background-color:rgba(0, 0, 0, 0)\" class=\"has-inline-color has-luminous-vivid-orange-color\">Young children<\/mark><\/strong><br>We offer a range of services for families&nbsp;with young children including:<br>&#8211; Cane-stroller renting but subject to availability (no advance booking).<br>&#8211; Toilets with baby changing area.<br>&#8211; Baby bottles can be warmed up in the microwaves at our various catering outlets.<br><br><strong><mark style=\"background-color:rgba(0, 0, 0, 0)\" class=\"has-inline-color has-luminous-vivid-orange-color\">Guests with a disability<\/mark><\/strong><br>We have made most of our attractions accessible to our guests with a disability. The only 5 non accessible promontories or observation huts are signposted. <br>Other facilities are available to make are attractions as accessible as possible:<br>&#8211; Parking area closer to park entrance.<br>&#8211; Lift to park upper level.<br>&#8211; The number of wheelchairs we rent is limited and we cannot guarantee their availability (no advance booking).<br>&#8211; Footprint tables, with Braille writing, to allow visually impaired visitors to discover the animal footprints.<br><br><strong><mark style=\"background-color:rgba(0, 0, 0, 0)\" class=\"has-inline-color has-luminous-vivid-orange-color\">Lunch on site<\/mark><\/strong><br>Enjoy our lunch formulas of our <strong>restaurant <\/strong>\u201cLe Camp des Girafes\u201d in the dining room or on the panoramic terrace overlooking the giraffe and zebra camp. Our dishes are mostly prepared on-site with local fresh produce, some of them organic.<br>Depending on the season, our<strong> snack bars<\/strong> also offer a choice of cold and hot salads, sandwiches, chips, hot bites, afternoon snacks, ice creams and drinks which must be consumed on the terrace!<br><em>The Bioparc restaurant is open every day at the same opening times as the ticket office.<\/em><br><br><strong><mark style=\"background-color:rgba(0, 0, 0, 0)\" class=\"has-inline-color has-luminous-vivid-orange-color\">Picnics<\/mark><\/strong><br>Picnicking is not allowed in the park. However, there is a large shaded outdoor picnic area with 300 places just opposite the park entrance with tables and benches. Remember to get a hand stamp as you leave the park so that we will let you back in to carry on with your visit.<br><br><strong><mark style=\"background-color:rgba(0, 0, 0, 0)\" class=\"has-inline-color has-luminous-vivid-orange-color\">Gift shop<\/mark><\/strong><br>Choose from a wide selection of exclusive souvenirs to take home in our exotic gift shop!<br>Wanting to promote eco-friendly gifts, we have had strong supportive partnerships with artisans from all over the world. By paying them a fair price in exchange for their know-how, we contribute to improving their living conditions and enhancing their work. Each item is also assessed for it environmental and societal impact. As such our team can better advise you during your purchases! <br><em>The Bioparc gift shop is open every day at the same opening times as the ticket office (free access).<\/em><br><br><strong><mark style=\"background-color:rgba(0, 0, 0, 0)\" class=\"has-inline-color has-luminous-vivid-orange-color\">New: Housing accommodations surrounded by nature<\/mark><\/strong> <br>These cute little nests, facing the Bioparc entrance, will put you at the heart of our biodiversity and will make your stay with us even more comfortable.&nbsp;It is the ideal base camp to discover and enjoy the Bioparc!<\/p>\n\n\n\n<figure class=\"wp-block-gallery has-nested-images columns-default is-cropped wp-block-gallery-1 is-layout-flex wp-block-gallery-is-layout-flex\">\n<figure class=\"wp-block-image size-large\"><a href=\"https:\/\/www.bioparc-zoo.fr\/wp-content\/uploads\/2023\/06\/bioparc-parc-zoologique-nid-douillet-2.jpg\" data-rel=\"lightbox-gallery-OYV4HcyX\" data-rl_title=\"\" data-rl_caption=\"\" title=\"\"><img decoding=\"async\" width=\"700\" height=\"365\" data-id=\"38572\" src=\"https:\/\/www.bioparc-zoo.fr\/wp-content\/uploads\/2023\/06\/bioparc-parc-zoologique-nid-douillet-2-700x365.jpg\" alt=\"Vue sur un g\u00eete &quot;petit nid&quot; depuis le jardin\" class=\"wp-image-38572\" srcset=\"https:\/\/www.bioparc-zoo.fr\/wp-content\/uploads\/2023\/06\/bioparc-parc-zoologique-nid-douillet-2-700x365.jpg 700w, https:\/\/www.bioparc-zoo.fr\/wp-content\/uploads\/2023\/06\/bioparc-parc-zoologique-nid-douillet-2-250x130.jpg 250w, https:\/\/www.bioparc-zoo.fr\/wp-content\/uploads\/2023\/06\/bioparc-parc-zoologique-nid-douillet-2-768x400.jpg 768w, https:\/\/www.bioparc-zoo.fr\/wp-content\/uploads\/2023\/06\/bioparc-parc-zoologique-nid-douillet-2-200x104.jpg 200w, https:\/\/www.bioparc-zoo.fr\/wp-content\/uploads\/2023\/06\/bioparc-parc-zoologique-nid-douillet-2-120x63.jpg 120w, https:\/\/www.bioparc-zoo.fr\/wp-content\/uploads\/2023\/06\/bioparc-parc-zoologique-nid-douillet-2-400x208.jpg 400w, https:\/\/www.bioparc-zoo.fr\/wp-content\/uploads\/2023\/06\/bioparc-parc-zoologique-nid-douillet-2-600x313.jpg 600w, https:\/\/www.bioparc-zoo.fr\/wp-content\/uploads\/2023\/06\/bioparc-parc-zoologique-nid-douillet-2.jpg 1200w\" sizes=\"(max-width: 700px) 100vw, 700px\" \/><\/a><\/figure>\n\n\n\n<figure class=\"wp-block-image size-large\"><a href=\"https:\/\/www.bioparc-zoo.fr\/wp-content\/uploads\/2023\/06\/bioparc-parc-zoologique-nid-douillet-3.jpg\" data-rel=\"lightbox-gallery-OYV4HcyX\" data-rl_title=\"\" data-rl_caption=\"\" title=\"\"><img decoding=\"async\" width=\"700\" height=\"365\" data-id=\"38574\" src=\"https:\/\/www.bioparc-zoo.fr\/wp-content\/uploads\/2023\/06\/bioparc-parc-zoologique-nid-douillet-3-700x365.jpg\" alt=\"Vue sur le g\u00eete adapt\u00e9 PMR depuis le jardin\" class=\"wp-image-38574\" srcset=\"https:\/\/www.bioparc-zoo.fr\/wp-content\/uploads\/2023\/06\/bioparc-parc-zoologique-nid-douillet-3-700x365.jpg 700w, https:\/\/www.bioparc-zoo.fr\/wp-content\/uploads\/2023\/06\/bioparc-parc-zoologique-nid-douillet-3-250x130.jpg 250w, https:\/\/www.bioparc-zoo.fr\/wp-content\/uploads\/2023\/06\/bioparc-parc-zoologique-nid-douillet-3-768x400.jpg 768w, https:\/\/www.bioparc-zoo.fr\/wp-content\/uploads\/2023\/06\/bioparc-parc-zoologique-nid-douillet-3-200x104.jpg 200w, https:\/\/www.bioparc-zoo.fr\/wp-content\/uploads\/2023\/06\/bioparc-parc-zoologique-nid-douillet-3-120x63.jpg 120w, https:\/\/www.bioparc-zoo.fr\/wp-content\/uploads\/2023\/06\/bioparc-parc-zoologique-nid-douillet-3-400x208.jpg 400w, https:\/\/www.bioparc-zoo.fr\/wp-content\/uploads\/2023\/06\/bioparc-parc-zoologique-nid-douillet-3-600x313.jpg 600w, https:\/\/www.bioparc-zoo.fr\/wp-content\/uploads\/2023\/06\/bioparc-parc-zoologique-nid-douillet-3.jpg 1200w\" sizes=\"(max-width: 700px) 100vw, 700px\" \/><\/a><\/figure>\n<\/figure>\n\n\n\n<div class=\"wp-block-buttons is-layout-flex wp-block-buttons-is-layout-flex\">\n<div class=\"wp-block-button\"><a class=\"wp-block-button__link wp-element-button\" href=\"https:\/\/www.bioparc-zoo.fr\/hebergements-gites\/\">Book a stay (french)<\/a><\/div>\n<\/div>\n","protected":false},"excerpt":{"rendered":"Enjoy your visit in our zoo! Over 2000 animals live in an exceptional natural setting in the only troglodyte zoo in the world! In a true mineral and vegetal labyrinth, our tunnels dug into the rock will lead you from one environment to the next. The animals live here at their own pace in XXL&#8230; <a class=\"view-article\" href=\"https:\/\/www.bioparc-zoo.fr\/en\/your-visit\/\">View Article<\/a>","protected":false},"author":4,"featured_media":2051,"parent":0,"menu_order":21,"comment_status":"closed","ping_status":"closed","template":"","meta":{"_acf_changed":false,"footnotes":""},"class_list":["post-597","page","type-page","status-publish","has-post-thumbnail","hentry"],"acf":[],"yoast_head":"<!-- This site is optimized with the Yoast SEO plugin v26.5 - https:\/\/yoast.com\/wordpress\/plugins\/seo\/ -->\n<title>Your visit - Bioparc Zoo de Dou\u00e9 la Fontaine<\/title>\n<meta name=\"description\" content=\"Discover all the useful information to prepare your visit! Most informative panels have been translated into English.\" \/>\n<meta name=\"robots\" content=\"index, follow, max-snippet:-1, max-image-preview:large, max-video-preview:-1\" \/>\n<link rel=\"canonical\" href=\"https:\/\/www.bioparc-zoo.fr\/en\/your-visit\/\" \/>\n<meta property=\"og:locale\" content=\"en_US\" \/>\n<meta property=\"og:type\" content=\"article\" \/>\n<meta property=\"og:title\" content=\"Your visit - Bioparc Zoo de Dou\u00e9 la Fontaine\" \/>\n<meta property=\"og:description\" content=\"Discover all the useful information to prepare your visit! Most informative panels have been translated into English.\" \/>\n<meta property=\"og:url\" content=\"https:\/\/www.bioparc-zoo.fr\/en\/your-visit\/\" \/>\n<meta property=\"og:site_name\" content=\"Bioparc\" \/>\n<meta property=\"article:modified_time\" content=\"2026-02-09T13:30:51+00:00\" \/>\n<meta property=\"og:image\" content=\"https:\/\/www.bioparc-zoo.fr\/wp-content\/uploads\/2020\/01\/bioparc-parc-zoologique-flamants-roses.jpg\" \/>\n\t<meta property=\"og:image:width\" content=\"1376\" \/>\n\t<meta property=\"og:image:height\" content=\"960\" \/>\n\t<meta property=\"og:image:type\" content=\"image\/jpeg\" \/>\n<meta name=\"twitter:card\" content=\"summary_large_image\" \/>\n<meta name=\"twitter:label1\" content=\"Est. reading time\" \/>\n\t<meta name=\"twitter:data1\" content=\"5 minutes\" \/>\n<script type=\"application\/ld+json\" class=\"yoast-schema-graph\">{\"@context\":\"https:\/\/schema.org\",\"@graph\":[{\"@type\":\"WebPage\",\"@id\":\"https:\/\/www.bioparc-zoo.fr\/en\/your-visit\/\",\"url\":\"https:\/\/www.bioparc-zoo.fr\/en\/your-visit\/\",\"name\":\"Your visit - Bioparc Zoo de Dou\u00e9 la Fontaine\",\"isPartOf\":{\"@id\":\"https:\/\/www.bioparc-zoo.fr\/#website\"},\"primaryImageOfPage\":{\"@id\":\"https:\/\/www.bioparc-zoo.fr\/en\/your-visit\/#primaryimage\"},\"image\":{\"@id\":\"https:\/\/www.bioparc-zoo.fr\/en\/your-visit\/#primaryimage\"},\"thumbnailUrl\":\"https:\/\/www.bioparc-zoo.fr\/wp-content\/uploads\/2020\/01\/bioparc-parc-zoologique-flamants-roses.jpg\",\"datePublished\":\"2019-11-14T13:03:18+00:00\",\"dateModified\":\"2026-02-09T13:30:51+00:00\",\"description\":\"Discover all the useful information to prepare your visit! Most informative panels have been translated into English.\",\"breadcrumb\":{\"@id\":\"https:\/\/www.bioparc-zoo.fr\/en\/your-visit\/#breadcrumb\"},\"inLanguage\":\"en-US\",\"potentialAction\":[{\"@type\":\"ReadAction\",\"target\":[\"https:\/\/www.bioparc-zoo.fr\/en\/your-visit\/\"]}]},{\"@type\":\"ImageObject\",\"inLanguage\":\"en-US\",\"@id\":\"https:\/\/www.bioparc-zoo.fr\/en\/your-visit\/#primaryimage\",\"url\":\"https:\/\/www.bioparc-zoo.fr\/wp-content\/uploads\/2020\/01\/bioparc-parc-zoologique-flamants-roses.jpg\",\"contentUrl\":\"https:\/\/www.bioparc-zoo.fr\/wp-content\/uploads\/2020\/01\/bioparc-parc-zoologique-flamants-roses.jpg\",\"width\":1376,\"height\":960,\"caption\":\"Groupe de flamants du Chili\"},{\"@type\":\"BreadcrumbList\",\"@id\":\"https:\/\/www.bioparc-zoo.fr\/en\/your-visit\/#breadcrumb\",\"itemListElement\":[{\"@type\":\"ListItem\",\"position\":1,\"name\":\"Home\",\"item\":\"https:\/\/www.bioparc-zoo.fr\/\"},{\"@type\":\"ListItem\",\"position\":2,\"name\":\"Your visit\"}]},{\"@type\":\"WebSite\",\"@id\":\"https:\/\/www.bioparc-zoo.fr\/#website\",\"url\":\"https:\/\/www.bioparc-zoo.fr\/\",\"name\":\"Bioparc\",\"description\":\"Le Bioparc de Dou\u00e9-la-Fontaine est un parc zoologique fran\u00e7ais situ\u00e9 en r\u00e9gion Pays de la Loire, dans le d\u00e9partement de Maine-et-Loire.\",\"publisher\":{\"@id\":\"https:\/\/www.bioparc-zoo.fr\/#organization\"},\"potentialAction\":[{\"@type\":\"SearchAction\",\"target\":{\"@type\":\"EntryPoint\",\"urlTemplate\":\"https:\/\/www.bioparc-zoo.fr\/?s={search_term_string}\"},\"query-input\":{\"@type\":\"PropertyValueSpecification\",\"valueRequired\":true,\"valueName\":\"search_term_string\"}}],\"inLanguage\":\"en-US\"},{\"@type\":\"Organization\",\"@id\":\"https:\/\/www.bioparc-zoo.fr\/#organization\",\"name\":\"BIOPARC\",\"url\":\"https:\/\/www.bioparc-zoo.fr\/\",\"logo\":{\"@type\":\"ImageObject\",\"inLanguage\":\"en-US\",\"@id\":\"https:\/\/www.bioparc-zoo.fr\/#\/schema\/logo\/image\/\",\"url\":\"https:\/\/www.bioparc-zoo.fr\/wp-content\/uploads\/2020\/02\/BIOPARC-LOGO--scaled.jpg\",\"contentUrl\":\"https:\/\/www.bioparc-zoo.fr\/wp-content\/uploads\/2020\/02\/BIOPARC-LOGO--scaled.jpg\",\"width\":2560,\"height\":1913,\"caption\":\"BIOPARC\"},\"image\":{\"@id\":\"https:\/\/www.bioparc-zoo.fr\/#\/schema\/logo\/image\/\"}}]}<\/script>\n<!-- \/ Yoast SEO plugin. -->","yoast_head_json":{"title":"Your visit - Bioparc Zoo de Dou\u00e9 la Fontaine","description":"Discover all the useful information to prepare your visit! Most informative panels have been translated into English.","robots":{"index":"index","follow":"follow","max-snippet":"max-snippet:-1","max-image-preview":"max-image-preview:large","max-video-preview":"max-video-preview:-1"},"canonical":"https:\/\/www.bioparc-zoo.fr\/en\/your-visit\/","og_locale":"en_US","og_type":"article","og_title":"Your visit - Bioparc Zoo de Dou\u00e9 la Fontaine","og_description":"Discover all the useful information to prepare your visit! Most informative panels have been translated into English.","og_url":"https:\/\/www.bioparc-zoo.fr\/en\/your-visit\/","og_site_name":"Bioparc","article_modified_time":"2026-02-09T13:30:51+00:00","og_image":[{"width":1376,"height":960,"url":"https:\/\/www.bioparc-zoo.fr\/wp-content\/uploads\/2020\/01\/bioparc-parc-zoologique-flamants-roses.jpg","type":"image\/jpeg"}],"twitter_card":"summary_large_image","twitter_misc":{"Est. reading time":"5 minutes"},"schema":{"@context":"https:\/\/schema.org","@graph":[{"@type":"WebPage","@id":"https:\/\/www.bioparc-zoo.fr\/en\/your-visit\/","url":"https:\/\/www.bioparc-zoo.fr\/en\/your-visit\/","name":"Your visit - Bioparc Zoo de Dou\u00e9 la Fontaine","isPartOf":{"@id":"https:\/\/www.bioparc-zoo.fr\/#website"},"primaryImageOfPage":{"@id":"https:\/\/www.bioparc-zoo.fr\/en\/your-visit\/#primaryimage"},"image":{"@id":"https:\/\/www.bioparc-zoo.fr\/en\/your-visit\/#primaryimage"},"thumbnailUrl":"https:\/\/www.bioparc-zoo.fr\/wp-content\/uploads\/2020\/01\/bioparc-parc-zoologique-flamants-roses.jpg","datePublished":"2019-11-14T13:03:18+00:00","dateModified":"2026-02-09T13:30:51+00:00","description":"Discover all the useful information to prepare your visit! Most informative panels have been translated into English.","breadcrumb":{"@id":"https:\/\/www.bioparc-zoo.fr\/en\/your-visit\/#breadcrumb"},"inLanguage":"en-US","potentialAction":[{"@type":"ReadAction","target":["https:\/\/www.bioparc-zoo.fr\/en\/your-visit\/"]}]},{"@type":"ImageObject","inLanguage":"en-US","@id":"https:\/\/www.bioparc-zoo.fr\/en\/your-visit\/#primaryimage","url":"https:\/\/www.bioparc-zoo.fr\/wp-content\/uploads\/2020\/01\/bioparc-parc-zoologique-flamants-roses.jpg","contentUrl":"https:\/\/www.bioparc-zoo.fr\/wp-content\/uploads\/2020\/01\/bioparc-parc-zoologique-flamants-roses.jpg","width":1376,"height":960,"caption":"Groupe de flamants du Chili"},{"@type":"BreadcrumbList","@id":"https:\/\/www.bioparc-zoo.fr\/en\/your-visit\/#breadcrumb","itemListElement":[{"@type":"ListItem","position":1,"name":"Home","item":"https:\/\/www.bioparc-zoo.fr\/"},{"@type":"ListItem","position":2,"name":"Your visit"}]},{"@type":"WebSite","@id":"https:\/\/www.bioparc-zoo.fr\/#website","url":"https:\/\/www.bioparc-zoo.fr\/","name":"Bioparc","description":"Le Bioparc de Dou\u00e9-la-Fontaine est un parc zoologique fran\u00e7ais situ\u00e9 en r\u00e9gion Pays de la Loire, dans le d\u00e9partement de Maine-et-Loire.","publisher":{"@id":"https:\/\/www.bioparc-zoo.fr\/#organization"},"potentialAction":[{"@type":"SearchAction","target":{"@type":"EntryPoint","urlTemplate":"https:\/\/www.bioparc-zoo.fr\/?s={search_term_string}"},"query-input":{"@type":"PropertyValueSpecification","valueRequired":true,"valueName":"search_term_string"}}],"inLanguage":"en-US"},{"@type":"Organization","@id":"https:\/\/www.bioparc-zoo.fr\/#organization","name":"BIOPARC","url":"https:\/\/www.bioparc-zoo.fr\/","logo":{"@type":"ImageObject","inLanguage":"en-US","@id":"https:\/\/www.bioparc-zoo.fr\/#\/schema\/logo\/image\/","url":"https:\/\/www.bioparc-zoo.fr\/wp-content\/uploads\/2020\/02\/BIOPARC-LOGO--scaled.jpg","contentUrl":"https:\/\/www.bioparc-zoo.fr\/wp-content\/uploads\/2020\/02\/BIOPARC-LOGO--scaled.jpg","width":2560,"height":1913,"caption":"BIOPARC"},"image":{"@id":"https:\/\/www.bioparc-zoo.fr\/#\/schema\/logo\/image\/"}}]}},"_links":{"self":[{"href":"https:\/\/www.bioparc-zoo.fr\/en\/wp-json\/wp\/v2\/pages\/597","targetHints":{"allow":["GET"]}}],"collection":[{"href":"https:\/\/www.bioparc-zoo.fr\/en\/wp-json\/wp\/v2\/pages"}],"about":[{"href":"https:\/\/www.bioparc-zoo.fr\/en\/wp-json\/wp\/v2\/types\/page"}],"author":[{"embeddable":true,"href":"https:\/\/www.bioparc-zoo.fr\/en\/wp-json\/wp\/v2\/users\/4"}],"replies":[{"embeddable":true,"href":"https:\/\/www.bioparc-zoo.fr\/en\/wp-json\/wp\/v2\/comments?post=597"}],"version-history":[{"count":77,"href":"https:\/\/www.bioparc-zoo.fr\/en\/wp-json\/wp\/v2\/pages\/597\/revisions"}],"predecessor-version":[{"id":91678,"href":"https:\/\/www.bioparc-zoo.fr\/en\/wp-json\/wp\/v2\/pages\/597\/revisions\/91678"}],"wp:featuredmedia":[{"embeddable":true,"href":"https:\/\/www.bioparc-zoo.fr\/en\/wp-json\/wp\/v2\/media\/2051"}],"wp:attachment":[{"href":"https:\/\/www.bioparc-zoo.fr\/en\/wp-json\/wp\/v2\/media?parent=597"}],"curies":[{"name":"wp","href":"https:\/\/api.w.org\/{rel}","templated":true}]}}